{"id":889,"date":"2023-06-30T16:13:36","date_gmt":"2023-06-30T14:13:36","guid":{"rendered":"https:\/\/www.tissagedesflandres.fr\/tentures-murales\/"},"modified":"2023-10-31T15:12:18","modified_gmt":"2023-10-31T14:12:18","slug":"tentures-murales","status":"publish","type":"page","link":"https:\/\/www.tissagedesflandres.fr\/en\/tentures-murales\/","title":{"rendered":"Tapisseries"},"content":{"rendered":"<div class=\"wpb-content-wrapper\"><p>[vc_row content_placement=&#8221;middle&#8221; el_class=&#8221;.rowmargintop .centrage&#8221;][vc_column][vc_column_text el_class=&#8221;.fabricdescription . margelegend .droite&#8221;]H\u00f4tel le Grand Mazarin &#8211; Architecture by Martin Brudnizki &amp; MBDS<br \/>\nPhoto \u00a9Vincent Leroux 2022[\/vc_column_text][\/vc_column][\/vc_row][vc_row content_placement=&#8221;middle&#8221; el_class=&#8221;.rowmargintop .centrage&#8221;][vc_column width=&#8221;1\/2&#8243;][vc_single_image image=&#8221;787&#8243; img_size=&#8221;full&#8221; alignment=&#8221;center&#8221; css_animation=&#8221;fadeIn&#8221;][vc_column_text el_class=&#8221;.fabricdescription . margelegend&#8221;]<strong>L&#8217;Oasis<\/strong><br \/>\n52% Wool &#8211; 45% Cotton &#8211; 3% Polyester[\/vc_column_text][\/vc_column][vc_column width=&#8221;1\/2&#8243;][vc_single_image image=&#8221;786&#8243; img_size=&#8221;full&#8221; alignment=&#8221;center&#8221; css_animation=&#8221;fadeIn&#8221;][vc_column_text el_class=&#8221;.fabricdescription . margelegend&#8221;]<strong>Panoramique<\/strong><br \/>\n52% Wool &#8211; 45% Cotton &#8211; 3% Polyester[\/vc_column_text][\/vc_column][\/vc_row][vc_row content_placement=&#8221;middle&#8221; el_class=&#8221;.rowmargintop-proj .centrage&#8221;][vc_column width=&#8221;1\/2&#8243;][vc_single_image image=&#8221;791&#8243; img_size=&#8221;full&#8221; alignment=&#8221;center&#8221; css_animation=&#8221;fadeIn&#8221;][vc_column_text el_class=&#8221;.fabricdescription . margelegend&#8221;]<strong>L&#8217;Oasis<\/strong><br \/>\n52% Wool &#8211; 45% Cotton &#8211; 3% Polyester[\/vc_column_text][\/vc_column][vc_column width=&#8221;1\/2&#8243;][vc_single_image image=&#8221;792&#8243; img_size=&#8221;full&#8221; alignment=&#8221;center&#8221; css_animation=&#8221;fadeIn&#8221;][vc_column_text el_class=&#8221;.fabricdescription . margelegend&#8221;]<strong>Bouquet Exotique<\/strong><br \/>\n52% Wool &#8211; 45% Cotton &#8211; 3% Polyester[\/vc_column_text][\/vc_column][\/vc_row][vc_row content_placement=&#8221;middle&#8221; el_class=&#8221;.rowmargintop-proj .centrage&#8221;][vc_column width=&#8221;1\/2&#8243;][vc_single_image image=&#8221;797&#8243; img_size=&#8221;full&#8221; alignment=&#8221;center&#8221; css_animation=&#8221;fadeIn&#8221;][vc_column_text el_class=&#8221;.fabricdescription . margelegend&#8221;]<strong>Grand bouquet Flamand<\/strong><br \/>\n52% Wool &#8211; 45% Cotton &#8211; 3% Polyester[\/vc_column_text][\/vc_column][vc_column width=&#8221;1\/2&#8243;][vc_single_image image=&#8221;796&#8243; img_size=&#8221;full&#8221; alignment=&#8221;center&#8221; css_animation=&#8221;fadeIn&#8221;][vc_column_text el_class=&#8221;.fabricdescription . margelegend&#8221;]<strong>S\u00e9r\u00e9nade cr\u00e8me<\/strong><br \/>\n52% Wool &#8211; 45% Cotton &#8211; 3% Polyester[\/vc_column_text][\/vc_column][\/vc_row][vc_row content_placement=&#8221;middle&#8221; el_class=&#8221;.rowmargintop-proj .centrage&#8221;][vc_column width=&#8221;1\/2&#8243;][vc_single_image image=&#8221;798&#8243; img_size=&#8221;full&#8221; alignment=&#8221;center&#8221; css_animation=&#8221;fadeIn&#8221;][vc_column_text el_class=&#8221;.fabricdescription . margelegend&#8221;]<strong>Bouquet Iris clair<\/strong><br \/>\n52% Wool &#8211; 45% Cotton &#8211; 3% Polyester[\/vc_column_text][\/vc_column][vc_column width=&#8221;1\/2&#8243;][vc_single_image image=&#8221;799&#8243; img_size=&#8221;full&#8221; alignment=&#8221;center&#8221; css_animation=&#8221;fadeIn&#8221;][vc_column_text el_class=&#8221;.fabricdescription . margelegend&#8221;]<strong>Bouquet Iris fonc\u00e91<\/strong><br \/>\n52% Wool &#8211; 45% Cotton &#8211; 3% Polyester[\/vc_column_text][\/vc_column][\/vc_row][vc_row content_placement=&#8221;middle&#8221; el_class=&#8221;.rowmargintop-proj .centrage&#8221;][vc_column width=&#8221;1\/2&#8243;][vc_single_image image=&#8221;800&#8243; img_size=&#8221;full&#8221; alignment=&#8221;center&#8221; css_animation=&#8221;fadeIn&#8221;][vc_column_text el_class=&#8221;.fabricdescription . margelegend&#8221;]<strong>Bouquet Tulipe clair<\/strong><br \/>\n52% Wool &#8211; 45% Cotton &#8211; 3% Polyester[\/vc_column_text][\/vc_column][vc_column width=&#8221;1\/2&#8243;][vc_single_image image=&#8221;801&#8243; img_size=&#8221;full&#8221; alignment=&#8221;center&#8221; css_animation=&#8221;fadeIn&#8221;][vc_column_text el_class=&#8221;.fabricdescription . margelegend&#8221;]<strong>Bouquet Tulipe fonc\u00e9<\/strong><br \/>\n52% Wool &#8211; 45% Cotton &#8211; 3% Polyester[\/vc_column_text][\/vc_column][\/vc_row][vc_row el_class=&#8221;.rowmargintop-proj .centrage&#8221;][vc_column width=&#8221;1\/2&#8243;][vc_single_image image=&#8221;794&#8243; img_size=&#8221;full&#8221; alignment=&#8221;center&#8221; css_animation=&#8221;fadeIn&#8221;][vc_column_text el_class=&#8221;.fabricdescription . margelegend&#8221;]<strong>Verdure cascade<\/strong><br \/>\n52% Wool &#8211; 45% Cotton &#8211; 3% Polyester[\/vc_column_text][\/vc_column][vc_column width=&#8221;1\/2&#8243;][vc_single_image image=&#8221;795&#8243; img_size=&#8221;full&#8221; alignment=&#8221;center&#8221; css_animation=&#8221;fadeIn&#8221;][vc_column_text el_class=&#8221;.fabricdescription . margelegend&#8221;]<strong>La r\u00e9colte des Ananas<\/strong><br \/>\n52% Wool &#8211; 45% Cotton &#8211; 3% Polyester[\/vc_column_text][vc_empty_space][\/vc_column][\/vc_row][vc_row el_class=&#8221;.rowmargintop-proj .centrage&#8221;][vc_column][vc_column_text el_class=&#8221;.fabricdescription . margelegend&#8221;]<\/p>\n<p style=\"text-align: center;\"><strong>* All designs are also available in : 40% Cotton 27% Silk 26% Wool 7% Polyester OU 53% Silk 43% Cotton 4% Polyester<\/strong><\/p>\n<p>[\/vc_column_text][vc_empty_space height=&#8221;64px&#8221;][\/vc_column][\/vc_row]<\/p>\n<\/div>","protected":false},"excerpt":{"rendered":"<p> &#8230; <a title=\"Tapisseries\" class=\"read-more\" href=\"https:\/\/www.tissagedesflandres.fr\/en\/tentures-murales\/\" aria-label=\"Read more about Tapisseries\">Read more<\/a><\/p>\n","protected":false},"author":1,"featured_media":0,"parent":0,"menu_order":0,"comment_status":"closed","ping_status":"closed","template":"","meta":{"footnotes":""},"class_list":["post-889","page","type-page","status-publish"],"yoast_head":"<!-- This site is optimized with the Yoast SEO plugin v27.5 - https:\/\/yoast.com\/product\/yoast-seo-wordpress\/ -->\n<title>Tapisseries - Tissage des flandres<\/title>\n<meta name=\"robots\" content=\"index, follow, max-snippet:-1, max-image-preview:large, max-video-preview:-1\" \/>\n<link rel=\"canonical\" href=\"https:\/\/www.tissagedesflandres.fr\/en\/tentures-murales\/\" \/>\n<meta property=\"og:locale\" content=\"en_US\" \/>\n<meta property=\"og:type\" content=\"article\" \/>\n<meta property=\"og:title\" content=\"Tapisseries - Tissage des flandres\" \/>\n<meta property=\"og:description\" content=\"... Read more\" \/>\n<meta property=\"og:url\" content=\"https:\/\/www.tissagedesflandres.fr\/en\/tentures-murales\/\" \/>\n<meta property=\"og:site_name\" content=\"Tissage des flandres\" \/>\n<meta property=\"article:modified_time\" content=\"2023-10-31T14:12:18+00:00\" \/>\n<meta name=\"twitter:card\" content=\"summary_large_image\" \/>\n<meta name=\"twitter:label1\" content=\"Est. reading time\" \/>\n\t<meta name=\"twitter:data1\" content=\"2 minutes\" \/>\n<script type=\"application\/ld+json\" class=\"yoast-schema-graph\">{\"@context\":\"https:\\\/\\\/schema.org\",\"@graph\":[{\"@type\":\"WebPage\",\"@id\":\"https:\\\/\\\/www.tissagedesflandres.fr\\\/en\\\/tentures-murales\\\/\",\"url\":\"https:\\\/\\\/www.tissagedesflandres.fr\\\/en\\\/tentures-murales\\\/\",\"name\":\"Tapisseries - Tissage des flandres\",\"isPartOf\":{\"@id\":\"https:\\\/\\\/www.tissagedesflandres.fr\\\/#website\"},\"datePublished\":\"2023-06-30T14:13:36+00:00\",\"dateModified\":\"2023-10-31T14:12:18+00:00\",\"breadcrumb\":{\"@id\":\"https:\\\/\\\/www.tissagedesflandres.fr\\\/en\\\/tentures-murales\\\/#breadcrumb\"},\"inLanguage\":\"en-US\",\"potentialAction\":[{\"@type\":\"ReadAction\",\"target\":[\"https:\\\/\\\/www.tissagedesflandres.fr\\\/en\\\/tentures-murales\\\/\"]}]},{\"@type\":\"BreadcrumbList\",\"@id\":\"https:\\\/\\\/www.tissagedesflandres.fr\\\/en\\\/tentures-murales\\\/#breadcrumb\",\"itemListElement\":[{\"@type\":\"ListItem\",\"position\":1,\"name\":\"Accueil\",\"item\":\"https:\\\/\\\/www.tissagedesflandres.fr\\\/en\\\/\"},{\"@type\":\"ListItem\",\"position\":2,\"name\":\"Tapisseries\"}]},{\"@type\":\"WebSite\",\"@id\":\"https:\\\/\\\/www.tissagedesflandres.fr\\\/#website\",\"url\":\"https:\\\/\\\/www.tissagedesflandres.fr\\\/\",\"name\":\"Tissage des flandres\",\"description\":\"Manufacture textile en Flandres\",\"potentialAction\":[{\"@type\":\"SearchAction\",\"target\":{\"@type\":\"EntryPoint\",\"urlTemplate\":\"https:\\\/\\\/www.tissagedesflandres.fr\\\/?s={search_term_string}\"},\"query-input\":{\"@type\":\"PropertyValueSpecification\",\"valueRequired\":true,\"valueName\":\"search_term_string\"}}],\"inLanguage\":\"en-US\"}]}<\/script>\n<!-- \/ Yoast SEO plugin. -->","yoast_head_json":{"title":"Tapisseries - Tissage des flandres","robots":{"index":"index","follow":"follow","max-snippet":"max-snippet:-1","max-image-preview":"max-image-preview:large","max-video-preview":"max-video-preview:-1"},"canonical":"https:\/\/www.tissagedesflandres.fr\/en\/tentures-murales\/","og_locale":"en_US","og_type":"article","og_title":"Tapisseries - Tissage des flandres","og_description":"... Read more","og_url":"https:\/\/www.tissagedesflandres.fr\/en\/tentures-murales\/","og_site_name":"Tissage des flandres","article_modified_time":"2023-10-31T14:12:18+00:00","twitter_card":"summary_large_image","twitter_misc":{"Est. reading time":"2 minutes"},"schema":{"@context":"https:\/\/schema.org","@graph":[{"@type":"WebPage","@id":"https:\/\/www.tissagedesflandres.fr\/en\/tentures-murales\/","url":"https:\/\/www.tissagedesflandres.fr\/en\/tentures-murales\/","name":"Tapisseries - Tissage des flandres","isPartOf":{"@id":"https:\/\/www.tissagedesflandres.fr\/#website"},"datePublished":"2023-06-30T14:13:36+00:00","dateModified":"2023-10-31T14:12:18+00:00","breadcrumb":{"@id":"https:\/\/www.tissagedesflandres.fr\/en\/tentures-murales\/#breadcrumb"},"inLanguage":"en-US","potentialAction":[{"@type":"ReadAction","target":["https:\/\/www.tissagedesflandres.fr\/en\/tentures-murales\/"]}]},{"@type":"BreadcrumbList","@id":"https:\/\/www.tissagedesflandres.fr\/en\/tentures-murales\/#breadcrumb","itemListElement":[{"@type":"ListItem","position":1,"name":"Accueil","item":"https:\/\/www.tissagedesflandres.fr\/en\/"},{"@type":"ListItem","position":2,"name":"Tapisseries"}]},{"@type":"WebSite","@id":"https:\/\/www.tissagedesflandres.fr\/#website","url":"https:\/\/www.tissagedesflandres.fr\/","name":"Tissage des flandres","description":"Manufacture textile en Flandres","potentialAction":[{"@type":"SearchAction","target":{"@type":"EntryPoint","urlTemplate":"https:\/\/www.tissagedesflandres.fr\/?s={search_term_string}"},"query-input":{"@type":"PropertyValueSpecification","valueRequired":true,"valueName":"search_term_string"}}],"inLanguage":"en-US"}]}},"_links":{"self":[{"href":"https:\/\/www.tissagedesflandres.fr\/en\/wp-json\/wp\/v2\/pages\/889","targetHints":{"allow":["GET"]}}],"collection":[{"href":"https:\/\/www.tissagedesflandres.fr\/en\/wp-json\/wp\/v2\/pages"}],"about":[{"href":"https:\/\/www.tissagedesflandres.fr\/en\/wp-json\/wp\/v2\/types\/page"}],"author":[{"embeddable":true,"href":"https:\/\/www.tissagedesflandres.fr\/en\/wp-json\/wp\/v2\/users\/1"}],"replies":[{"embeddable":true,"href":"https:\/\/www.tissagedesflandres.fr\/en\/wp-json\/wp\/v2\/comments?post=889"}],"version-history":[{"count":9,"href":"https:\/\/www.tissagedesflandres.fr\/en\/wp-json\/wp\/v2\/pages\/889\/revisions"}],"predecessor-version":[{"id":1040,"href":"https:\/\/www.tissagedesflandres.fr\/en\/wp-json\/wp\/v2\/pages\/889\/revisions\/1040"}],"wp:attachment":[{"href":"https:\/\/www.tissagedesflandres.fr\/en\/wp-json\/wp\/v2\/media?parent=889"}],"curies":[{"name":"wp","href":"https:\/\/api.w.org\/{rel}","templated":true}]}}